{"id":112,"date":"2021-02-13T15:18:28","date_gmt":"2021-02-13T14:18:28","guid":{"rendered":"https:\/\/www.einig-sein.de\/?page_id=112"},"modified":"2021-02-28T19:15:42","modified_gmt":"2021-02-28T18:15:42","slug":"datenschutz","status":"publish","type":"page","link":"https:\/\/www.einig-sein.de\/englisch\/datenschutz\/","title":{"rendered":"privacy"},"content":{"rendered":"<p>[et_pb_section fb_built=&#8220;1&#8243; admin_label=&#8220;Contact Section&#8220; _builder_version=&#8220;3.22&#8243; custom_padding=&#8220;71px||120px|||&#8220;][et_pb_row _builder_version=&#8220;3.25&#8243; custom_margin=&#8220;20px|||&#8220; custom_padding=&#8220;14px|||||&#8220;][et_pb_column type=&#8220;4_4&#8243; _builder_version=&#8220;3.25&#8243; custom_padding=&#8220;|||&#8220; custom_padding__hover=&#8220;|||&#8220;][et_pb_text admin_label=&#8220;Title&#8220; _builder_version=&#8220;3.27.4&#8243; text_font=&#8220;||||||||&#8220; header_font=&#8220;||||||||&#8220; header_line_height=&#8220;1.2em&#8220; header_2_font=&#8220;Quattrocento||||||||&#8220; header_2_font_size=&#8220;60px&#8220; header_2_line_height=&#8220;1.3em&#8220; max_width=&#8220;79.2%&#8220; custom_margin=&#8220;||10px|&#8220; custom_padding=&#8220;|8px||||&#8220; animation_style=&#8220;fade&#8220; animation_direction=&#8220;left&#8220; animation_starting_opacity=&#8220;100%&#8220; header_2_font_size_tablet=&#8220;40px&#8220; header_2_font_size_phone=&#8220;&#8220; header_2_font_size_last_edited=&#8220;on|tablet&#8220;]<\/p>\n<h2>privacy<\/h2>\n<p>[\/et_pb_text][et_pb_text _builder_version=&#8220;4.9.0&#8243; text_font=&#8220;Quattrocento||||||||&#8220; text_font_size=&#8220;18px&#8220; text_line_height=&#8220;2.2em&#8220; header_font=&#8220;||||||||&#8220; header_2_font=&#8220;||||||||&#8220; max_width=&#8220;700px&#8220; custom_margin=&#8220;|||&#8220; animation_style=&#8220;fade&#8220; animation_direction=&#8220;left&#8220; animation_starting_opacity=&#8220;100%&#8220;]<\/p>\n<p>Welche personenbezogen Daten wir sammeln und warum wir Sie sammeln.<\/p>\n<p>[\/et_pb_text][\/et_pb_column][\/et_pb_row][et_pb_row _builder_version=&#8220;4.9.0&#8243; _module_preset=&#8220;default&#8220;][et_pb_column type=&#8220;4_4&#8243; _builder_version=&#8220;4.9.0&#8243; _module_preset=&#8220;default&#8220;][et_pb_accordion _builder_version=&#8220;4.9.0&#8243; _module_preset=&#8220;default&#8220; toggle_font=&#8220;Quattrocento||||||||&#8220; body_font=&#8220;Quattrocento||||||||&#8220; toggle_font_size_tablet=&#8220;&#8220; toggle_font_size_phone=&#8220;14px&#8220; toggle_font_size_last_edited=&#8220;on|phone&#8220;][et_pb_accordion_item title=&#8220;Datenspeicherung&#8220; open=&#8220;on&#8220; _builder_version=&#8220;4.9.0&#8243; _module_preset=&#8220;default&#8220;]<\/p>\n<p>Wenn Sie heutzutage Websites besuchen, werden gewisse Informationen automatisch erstellt und gespeichert, so auch auf dieser Website. Diese gesammelten Daten sollten m\u00f6glichst sparsam und nur mit Begr\u00fcndung gesammelt werden werden. Mit Website meinen wir \u00fcbrigens die Gesamtheit aller Webseiten auf Ihrer Domain, d.h. alles von der Startseite (Homepage) bis hin zur aller letzten Unterseite (wie dieser hier). Mit Domain meinen wir zum Beispiel beispiel.de oder musterbeispiel.com.<\/p>\n<p>Auch w\u00e4hrend Sie unsere Website jetzt gerade besuchen, speichert unser Webserver \u2013 das ist der Computer auf dem diese Webseite gespeichert ist \u2013\u00a0 aus Gr\u00fcnden der Betriebssicherheit, zur Erstellung von Zugriffsstatistik usw. in der Regel automatisch Daten wie<\/p>\n<ul class=\"adsimple-311262394\">\n<li class=\"adsimple-311262394\">die komplette Internetadresse (URL) der aufgerufenen Webseite (z. B. https:\/\/www.beispielwebsite.de\/beispielunterseite.html\/)<\/li>\n<li class=\"adsimple-311262394\">Browser und Browserversion (z. B. Chrome 87)<\/li>\n<li class=\"adsimple-311262394\">das verwendete Betriebssystem (z. B. Windows 10)<\/li>\n<li class=\"adsimple-311262394\">die Adresse (URL) der zuvor besuchten Seite (Referrer URL) (z. B. https:\/\/www.beispielquellsite.de\/vondabinichgekommen.html\/)<\/li>\n<li class=\"adsimple-311262394\">den Hostname und die IP-Adresse des Ger\u00e4ts von welchem aus zugegriffen wird (z. B. COMPUTERNAME und 194.23.43.121)<\/li>\n<li class=\"adsimple-311262394\">Datum und Uhrzeit<\/li>\n<li class=\"adsimple-311262394\">in Dateien, den sogenannten Webserver-Logfiles.<\/li>\n<\/ul>\n<p>[\/et_pb_accordion_item][et_pb_accordion_item title=&#8220;Cookies&#8220; _builder_version=&#8220;4.9.0&#8243; _module_preset=&#8220;default&#8220; open=&#8220;off&#8220;]<\/p>\n<p>Unsere Website verwendet HTTP-Cookies um nutzerspezifische Daten zu speichern.<br \/> Im Folgenden erkl\u00e4ren wir, was Cookies sind und warum Sie genutzt werden, damit Sie die folgende Datenschutzerkl\u00e4rung besser verstehen.<\/p>\n<h3 class=\"adsimple-311262394\" data-fontsize=\"21\" data-lineheight=\"31\">Was genau sind Cookies?<\/h3>\n<p>Immer wenn Sie durch das Internet surfen, verwenden Sie einen Browser. Bekannte Browser sind beispielsweise Chrome, Safari, Firefox, Internet Explorer und Microsoft Edge. Die meisten Webseiten speichern kleine Text-Dateien in Ihrem Browser. Diese Dateien nennt man Cookies.<\/p>\n<p>Eines ist nicht von der Hand zu weisen: Cookies sind echt n\u00fctzliche Helferlein. Fast alle Webseiten verwenden\u00a0Cookies. Genauer gesprochen sind es HTTP-Cookies, da es auch noch andere\u00a0Cookies f\u00fcr andere Anwendungsbereiche gibt. HTTP-Cookies\u00a0sind kleine Dateien, die von unserer Website auf Ihrem Computer gespeichert werden. Diese Cookie-Dateien werden automatisch im Cookie-Ordner, quasi dem \u201cHirn\u201d Ihres Browsers, untergebracht. Ein Cookie besteht aus einem Namen und einem Wert. Bei der Definition eines Cookies m\u00fcssen zus\u00e4tzlich ein oder mehrere Attribute angegeben werden.<\/p>\n<p>Cookies\u00a0speichern gewisse Nutzerdaten von Ihnen, wie beispielsweise Sprache oder pers\u00f6nliche Seiteneinstellungen. Wenn Sie unsere Seite wieder aufrufen, \u00fcbermittelt Ihr Browser die \u201euserbezogenen\u201c Informationen an unsere Seite zur\u00fcck. Dank der Cookies wei\u00df unsere Website, wer Sie sind und bietet Ihnen Ihre gewohnte Standardeinstellung. In einigen Browsern hat jedes\u00a0Cookie\u00a0eine eigene Datei, in anderen wie beispielsweise Firefox sind alle\u00a0Cookies\u00a0in einer einzigen Datei gespeichert.<\/p>\n<p>Es gibt sowohl Erstanbieter Cookies als auch Drittanbieter-Cookies. Erstanbieter-Cookies werden direkt von unserer Seite erstellt, Drittanbieter-Cookies werden von Partner-Webseiten (z.B. Google Analytics) erstellt.\u00a0Jedes Cookie ist individuell zu bewerten, da jedes Cookie andere Daten speichert. Auch die Ablaufzeit eines Cookies variiert von ein paar Minuten bis hin zu ein paar Jahren.\u00a0Cookies sind keine Software-Programme und enthalten keine Viren, Trojaner oder andere \u201eSch\u00e4dlinge\u201c. Cookies k\u00f6nnen auch nicht auf Informationen Ihres PCs zugreifen.<\/p>\n<p>So k\u00f6nnen zum Beispiel Cookie-Daten aussehen:<\/p>\n<ul class=\"adsimple-311262394\">\n<li class=\"adsimple-311262394\">Name: _ga<\/li>\n<li class=\"adsimple-311262394\">Ablaufzeit: 2 Jahre<\/li>\n<li class=\"adsimple-311262394\">Verwendung: Unterscheidung der Webseitenbesucher<\/li>\n<li class=\"adsimple-311262394\">Beispielhafter Wert:\u00a0GA1.2.1326744211.152311262394<\/li>\n<\/ul>\n<p>Ein Browser sollte folgende Mindestgr\u00f6\u00dfen unterst\u00fctzen:<\/p>\n<ul class=\"adsimple-311262394\">\n<li class=\"adsimple-311262394\">Ein Cookie soll mindestens 4096 Bytes enthalten k\u00f6nnen<\/li>\n<li class=\"adsimple-311262394\">Pro Domain sollen mindestens 50 Cookies gespeichert werden k\u00f6nnen<\/li>\n<li class=\"adsimple-311262394\">Insgesamt sollen mindestens 3000 Cookies gespeichert werden k\u00f6nnen<\/li>\n<\/ul>\n<h3 class=\"adsimple-311262394\" data-fontsize=\"21\" data-lineheight=\"31\">Welche Arten von Cookies gibt es?<\/h3>\n<p>Die Frage welche Cookies wir im Speziellen verwenden, h\u00e4ngt von den verwendeten Diensten ab und wird in der folgenden Abschnitten der Datenschutzerkl\u00e4rung gekl\u00e4rt. An dieser Stelle m\u00f6chten wir kurz auf die verschiedenen Arten von HTTP-Cookies eingehen.<\/p>\n<p>Man kann 4 Arten von Cookies unterscheiden:<\/p>\n<p><strong class=\"adsimple-311262394\">Unbedingt notwendige Cookies<br \/> <\/strong>Diese Cookies sind n\u00f6tig, um grundlegende Funktionen der Website sicherzustellen. Zum Beispiel braucht es diese Cookies, wenn ein User ein Produkt in den Warenkorb legt, dann auf anderen Seiten weitersurft und sp\u00e4ter erst zur Kasse geht. Durch diese Cookies wird der Warenkorb nicht gel\u00f6scht, selbst wenn der User sein Browserfenster schlie\u00dft.<\/p>\n<p><strong class=\"adsimple-311262394\">Funktionelle Cookies<br \/> <\/strong>Diese Cookies sammeln Infos \u00fcber das Userverhalten und ob der User etwaige Fehlermeldungen bekommt. Zudem werden mithilfe dieser Cookies auch die Ladezeit und das Verhalten der Website bei verschiedenen Browsern gemessen.<\/p>\n<p><strong class=\"adsimple-311262394\">Zielorientierte Cookies<br \/> <\/strong>Diese Cookies sorgen f\u00fcr eine bessere Nutzerfreundlichkeit. Beispielsweise werden eingegebene Standorte, Schriftgr\u00f6\u00dfen oder Formulardaten gespeichert.<\/p>\n<p><strong class=\"adsimple-311262394\">Werbe-Cookies<br \/> <\/strong>Diese Cookies werden auch Targeting-Cookies genannt. Sie dienen dazu dem User individuell angepasste Werbung zu liefern. Das kann sehr praktisch, aber auch sehr nervig sein.<\/p>\n<p>\u00dcblicherweise werden Sie beim erstmaligen Besuch einer Webseite gefragt, welche dieser Cookiearten Sie zulassen m\u00f6chten. Und nat\u00fcrlich wird diese Entscheidung auch in einem Cookie gespeichert.<\/p>\n<h3 class=\"adsimple-311262394\" data-fontsize=\"21\" data-lineheight=\"31\">Wie kann ich Cookies l\u00f6schen?<\/h3>\n<p>Wie und ob Sie Cookies verwenden wollen, entscheiden Sie selbst. Unabh\u00e4ngig von welchem Service oder welcher Website die Cookies stammen, haben Sie immer die M\u00f6glichkeit\u00a0Cookies zu l\u00f6schen, nur teilweise zuzulassen oder zu deaktivieren. Zum Beispiel k\u00f6nnen Sie Cookies von Drittanbietern blockieren, aber alle anderen Cookies zulassen.<\/p>\n<p>Falls Sie grunds\u00e4tzlich keine Cookies haben wollen, k\u00f6nnen Sie Ihren Browser so einrichten, dass er Sie immer informiert, wenn ein Cookie gesetzt werden soll. So k\u00f6nnen Sie bei jedem einzelnen Cookie entscheiden, ob Sie das Cookie erlauben oder nicht. Die Vorgangsweise ist je nach Browser verschieden. Am besten ist es Sie suchen die Anleitung in Google mit dem Suchbegriff \u201cCookies l\u00f6schen Chrome\u201d oder \u201cCookies deaktivieren Chrome\u201d im Falle eines Chrome Browsers oder tauschen das Wort \u201cChrome\u201d gegen den Namen Ihres Browsers, z.B. Edge, Firefox, Safari aus.<\/p>\n<h3 class=\"adsimple-311262394\" data-fontsize=\"21\" data-lineheight=\"31\">Wie sieht es mit meinem Datenschutz aus?<\/h3>\n<p>Seit 2009 gibt es die sogenannten \u201eCookie-Richtlinien\u201c. Darin ist festgehalten, dass das Speichern von Cookies eine Einwilligung von Ihnen verlangt. Innerhalb der EU-L\u00e4nder gibt es allerdings noch sehr unterschiedliche Reaktionen auf diese Richtlinien. In Deutschland wurden die Cookie-Richtlinien nicht als nationales Recht umgesetzt. Stattdessen erfolgte die Umsetzung dieser Richtlinie weitgehend in \u00a7 15 Abs.3 des Telemediengesetzes (TMG).<\/p>\n<p>Wenn Sie mehr \u00fcber Cookies wissen m\u00f6chten und technischen Dokumentationen nicht scheuen, empfehlen wir\u00a0<a class=\"adsimple-311262394\" href=\"https:\/\/tools.ietf.org\/html\/rfc6265\" target=\"_blank\" rel=\"nofollow noopener\">https:\/\/tools.ietf.org\/html\/rfc6265<\/a>, dem Request for Comments der Internet Engineering Task Force (IETF) namens \u201cHTTP State Management Mechanism\u201d.<\/p>\n<p>[\/et_pb_accordion_item][et_pb_accordion_item title=&#8220;Speicherung pers\u00f6nlicher Daten&#8220; _builder_version=&#8220;4.9.0&#8243; _module_preset=&#8220;default&#8220; open=&#8220;off&#8220;]<\/p>\n<p>Pers\u00f6nliche Daten, die Sie uns auf dieser Website elektronisch \u00fcbermitteln, wie zum Beispiel Name, E-Mail-Adresse, Adresse oder andere pers\u00f6nlichen Angaben im Rahmen der \u00dcbermittlung eines Formulars oder Kommentaren im Blog, werden von uns gemeinsam mit dem Zeitpunkt und der IP-Adresse nur zum jeweils angegebenen Zweck verwendet, sicher verwahrt und nicht an Dritte weitergegeben.<\/p>\n<p>Wir nutzen Ihre pers\u00f6nlichen Daten somit nur f\u00fcr die Kommunikation mit jenen Besuchern, die Kontakt ausdr\u00fccklich w\u00fcnschen und f\u00fcr die Abwicklung der auf dieser Webseite angebotenen Dienstleistungen und Produkte. Wir geben Ihre pers\u00f6nlichen Daten ohne Zustimmung nicht weiter, k\u00f6nnen jedoch nicht ausschlie\u00dfen, dass diese Daten beim Vorliegen von rechtswidrigem Verhalten eingesehen werden.<\/p>\n<p>Wenn Sie uns pers\u00f6nliche Daten per E-Mail schicken \u2013 somit abseits dieser Webseite \u2013 k\u00f6nnen wir keine sichere \u00dcbertragung und den Schutz Ihrer Daten garantieren. Wir empfehlen Ihnen, vertrauliche Daten niemals unverschl\u00fcsselt per E-Mail zu \u00fcbermitteln.<\/p>\n<p>Die Rechtsgrundlage besteht nach <a class=\"adsimple-311262394\" href=\"https:\/\/eur-lex.europa.eu\/legal-content\/DE\/TXT\/HTML\/?uri=CELEX:32016R0679&amp;from=DE&amp;tid=311262394\" target=\"_blank\" rel=\"noopener\">Artikel 6\u00a0 Absatz 1 a DSGVO<\/a> (Rechtm\u00e4\u00dfigkeit der Verarbeitung) darin, dass Sie uns die Einwilligung zur Verarbeitung der von Ihnen eingegebenen Daten geben. Sie k\u00f6nnen diesen Einwilligung jederzeit widerrufen \u2013 eine formlose E-Mail reicht aus, Sie finden unsere Kontaktdaten im Impressum.<\/p>\n<p>[\/et_pb_accordion_item][et_pb_accordion_item title=&#8220;Rechte laut Datenschutzgrundverordnung&#8220; _builder_version=&#8220;4.9.0&#8243; _module_preset=&#8220;default&#8220; open=&#8220;off&#8220;]<\/p>\n<p>Ihnen stehen laut den Bestimmungen der DSGVO grunds\u00e4tzlich die folgende Rechte zu:<\/p>\n<ul class=\"adsimple-311262394\">\n<li class=\"adsimple-311262394\">Recht auf Berichtigung (Artikel 16 DSGVO)<\/li>\n<li class=\"adsimple-311262394\">Recht auf L\u00f6schung (\u201eRecht auf Vergessenwerden\u201c) (Artikel 17 DSGVO)<\/li>\n<li class=\"adsimple-311262394\">Recht auf Einschr\u00e4nkung der Verarbeitung (Artikel 18 DSGVO)<\/li>\n<li class=\"adsimple-311262394\">Recht auf Benachrichtigung \u2013 Mitteilungspflicht im Zusammenhang mit der Berichtigung oder L\u00f6schung personenbezogener Daten oder der Einschr\u00e4nkung der Verarbeitung (Artikel 19 DSGVO)<\/li>\n<li class=\"adsimple-311262394\">Recht auf Daten\u00fcbertragbarkeit (Artikel 20 DSGVO)<\/li>\n<li class=\"adsimple-311262394\">Widerspruchsrecht (Artikel 21 DSGVO)<\/li>\n<li class=\"adsimple-311262394\">Recht, nicht einer ausschlie\u00dflich auf einer automatisierten Verarbeitung \u2014 einschlie\u00dflich Profiling \u2014 beruhenden Entscheidung unterworfen zu werden (Artikel 22 DSGVO)<\/li>\n<\/ul>\n<p>Wenn Sie glauben, dass die Verarbeitung Ihrer Daten gegen das Datenschutzrecht verst\u00f6\u00dft oder Ihre datenschutzrechtlichen Anspr\u00fcche sonst in einer Weise verletzt worden sind, k\u00f6nnen Sie sich an die <a class=\"adsimple-311262394\" href=\"https:\/\/www.bfdi.bund.de\" target=\"_blank\" rel=\"noopener\">Bundesbeauftragte f\u00fcr den Datenschutz und die Informationsfreiheit (BfDI)<\/a> wenden.<\/p>\n<p>[\/et_pb_accordion_item][et_pb_accordion_item title=&#8220;Auswertung des Besucherverhaltens&#8220; _builder_version=&#8220;4.9.0&#8243; _module_preset=&#8220;default&#8220; open=&#8220;off&#8220;]<\/p>\n<p>In der folgenden Datenschutzerkl\u00e4rung informieren wir Sie dar\u00fcber, ob und wie wir Daten Ihres Besuchs dieser Website auswerten. Die Auswertung der gesammelten Daten erfolgt in der Regel anonym und wir k\u00f6nnen von Ihrem Verhalten auf dieser Website nicht auf Ihre Person schlie\u00dfen.<\/p>\n<p>Mehr \u00fcber M\u00f6glichkeiten dieser Auswertung der Besuchsdaten zu widersprechen erfahren Sie in der folgenden Datenschutzerkl\u00e4rung.<\/p>\n<p>[\/et_pb_accordion_item][et_pb_accordion_item title=&#8220;TLS-Verschl\u00fcsselung mit https&#8220; _builder_version=&#8220;4.9.0&#8243; _module_preset=&#8220;default&#8220; open=&#8220;off&#8220;]<\/p>\n<p>TLS, Verschl\u00fcsselung und https klingen sehr technisch und sind es auch. Wir verwenden HTTPS (das Hypertext Transfer Protocol Secure steht f\u00fcr \u201esicheres Hypertext-\u00dcbertragungsprotokoll\u201c) um Daten abh\u00f6rsicher im Internet zu \u00fcbertragen.<br \/> Das bedeutet, dass die komplette \u00dcbertragung aller Daten von Ihrem Browser zu unserem Webserver abgesichert ist \u2013 niemand kann \u201cmith\u00f6ren\u201d.<\/p>\n<p>Damit haben wir eine zus\u00e4tzliche Sicherheitsschicht eingef\u00fchrt und erf\u00fcllen Datenschutz durch Technikgestaltung <a class=\"adsimple-311262394\" href=\"https:\/\/eur-lex.europa.eu\/legal-content\/DE\/TXT\/HTML\/?uri=CELEX:32016R0679&amp;from=DE&amp;tid=311262394\" target=\"_blank\" rel=\"noopener\">Artikel 25 Absatz 1 DSGVO<\/a>). Durch den Einsatz von TLS (Transport Layer Security), einem Verschl\u00fcsselungsprotokoll zur sicheren Daten\u00fcbertragung im Internet k\u00f6nnen wir den Schutz vertraulicher Daten sicherstellen.<br \/> Sie erkennen die Benutzung dieser Absicherung der Daten\u00fcbertragung am kleinen Schlosssymbol <img loading=\"lazy\" decoding=\"async\" role=\"img\" src=\"https:\/\/www.adsimple.at\/wp-content\/uploads\/2018\/03\/schlosssymbol-https-211141072.svg\" width=\"17\" height=\"18\" \/>\u00a0links oben im Browser links von der Internetadresse (z. B. beispielseite.de) und der Verwendung des Schemas https (anstatt http) als Teil unserer Internetadresse.<br \/> Wenn Sie mehr zum Thema Verschl\u00fcsselung wissen m\u00f6chten, empfehlen wir die Google Suche nach \u201cHypertext Transfer Protocol Secure wiki\u201d um gute Links zu weiterf\u00fchrenden Informationen zu erhalten.<\/p>\n<p>[\/et_pb_accordion_item][\/et_pb_accordion][\/et_pb_column][\/et_pb_row][et_pb_row _builder_version=&#8220;4.9.0&#8243; _module_preset=&#8220;default&#8220;][et_pb_column type=&#8220;4_4&#8243; _builder_version=&#8220;4.9.0&#8243; _module_preset=&#8220;default&#8220;][et_pb_text _builder_version=&#8220;4.9.0&#8243; _module_preset=&#8220;default&#8220; text_font=&#8220;Quattrocento|700|||||||&#8220;]<\/p>\n<p>Quelle: Erstellt\u00a0mit dem\u00a0<a title=\"Datenschutz Generator Deutschland\" href=\"https:\/\/www.adsimple.de\/datenschutz-generator\/\" target=\"_blank\" rel=\"follow noopener\" style=\"text-decoration: none;\">Datenschutz Generator<\/a> von AdSimple\u00a0in Kooperation mit <a href=\"https:\/\/www.justmed.de\" target=\"_blank\" rel=\"follow noopener\" title=\"\">justmed.de<\/a><\/p>\n<p>[\/et_pb_text][\/et_pb_column][\/et_pb_row][et_pb_row column_structure=&#8220;1_3,1_3,1_3&#8243; _builder_version=&#8220;4.9.0&#8243; _module_preset=&#8220;default&#8220;][et_pb_column type=&#8220;1_3&#8243; _builder_version=&#8220;4.9.0&#8243; _module_preset=&#8220;default&#8220;][et_pb_blurb title=&#8220;Adresse&#8220; use_icon=&#8220;on&#8220; font_icon=&#8220;%%249%%&#8220; icon_placement=&#8220;left&#8220; use_icon_font_size=&#8220;on&#8220; icon_font_size=&#8220;32px&#8220; admin_label=&#8220;Address&#8220; _builder_version=&#8220;4.9.0&#8243; header_font=&#8220;Quattrocento||||||||&#8220; header_font_size=&#8220;24px&#8220; header_line_height=&#8220;1.3em&#8220; body_font=&#8220;Quattrocento||||||||&#8220; body_font_size=&#8220;16px&#8220; body_line_height=&#8220;1.8em&#8220;]<\/p>\n<p>Schopenhauerstra\u00dfe 7<br \/>60316 Frankfurt am Main<\/p>\n<p>[\/et_pb_blurb][\/et_pb_column][et_pb_column type=&#8220;1_3&#8243; _builder_version=&#8220;4.9.0&#8243; _module_preset=&#8220;default&#8220;][et_pb_blurb title=&#8220;Telefon&#8220; use_icon=&#8220;on&#8220; font_icon=&#8220;%%264%%&#8220; icon_placement=&#8220;left&#8220; use_icon_font_size=&#8220;on&#8220; icon_font_size=&#8220;32px&#8220; admin_label=&#8220;Phone&#8220; _builder_version=&#8220;4.9.0&#8243; header_font=&#8220;Quattrocento||||||||&#8220; header_font_size=&#8220;24px&#8220; header_line_height=&#8220;1.3em&#8220; body_font=&#8220;Quattrocento||||||||&#8220; body_font_size=&#8220;16px&#8220; body_line_height=&#8220;1.8em&#8220;]<\/p>\n<p>+49 69 493923<\/p>\n<p>[\/et_pb_blurb][\/et_pb_column][et_pb_column type=&#8220;1_3&#8243; _builder_version=&#8220;4.9.0&#8243; _module_preset=&#8220;default&#8220;][et_pb_blurb title=&#8220;Email &#8220; use_icon=&#8220;on&#8220; font_icon=&#8220;%%238%%&#8220; icon_placement=&#8220;left&#8220; use_icon_font_size=&#8220;on&#8220; icon_font_size=&#8220;32px&#8220; admin_label=&#8220;Email&#8220; _builder_version=&#8220;4.9.0&#8243; header_font=&#8220;Quattrocento||||||||&#8220; header_font_size=&#8220;24px&#8220; header_line_height=&#8220;1.3em&#8220; body_font=&#8220;Quattrocento||||||||&#8220; body_font_size=&#8220;16px&#8220; body_line_height=&#8220;1.8em&#8220; custom_padding=&#8220;||0px|||&#8220;]<\/p>\n<p>contact|at|andreaswieczorek.de<\/p>\n<p>[\/et_pb_blurb][\/et_pb_column][\/et_pb_row][\/et_pb_section]<\/p>","protected":false},"excerpt":{"rendered":"<p>DatenschutzWelche personenbezogen Daten wir sammeln und warum wir Sie sammeln.Wenn Sie heutzutage Websites besuchen, werden gewisse Informationen automatisch erstellt und gespeichert, so auch auf dieser Website. Diese gesammelten Daten sollten m\u00f6glichst sparsam und nur mit Begr\u00fcndung gesammelt werden werden. Mit Website meinen wir \u00fcbrigens die Gesamtheit aller Webseiten auf Ihrer Domain, d.h. alles von der [&hellip;]<\/p>","protected":false},"author":1,"featured_media":0,"parent":0,"menu_order":0,"comment_status":"closed","ping_status":"closed","template":"","meta":{"_et_pb_use_builder":"on","_et_pb_old_content":"","_et_gb_content_width":"","footnotes":""},"class_list":["post-112","page","type-page","status-publish","hentry"],"_links":{"self":[{"href":"https:\/\/www.einig-sein.de\/englisch\/wp-json\/wp\/v2\/pages\/112","targetHints":{"allow":["GET"]}}],"collection":[{"href":"https:\/\/www.einig-sein.de\/englisch\/wp-json\/wp\/v2\/pages"}],"about":[{"href":"https:\/\/www.einig-sein.de\/englisch\/wp-json\/wp\/v2\/types\/page"}],"author":[{"embeddable":true,"href":"https:\/\/www.einig-sein.de\/englisch\/wp-json\/wp\/v2\/users\/1"}],"replies":[{"embeddable":true,"href":"https:\/\/www.einig-sein.de\/englisch\/wp-json\/wp\/v2\/comments?post=112"}],"version-history":[{"count":7,"href":"https:\/\/www.einig-sein.de\/englisch\/wp-json\/wp\/v2\/pages\/112\/revisions"}],"predecessor-version":[{"id":303,"href":"https:\/\/www.einig-sein.de\/englisch\/wp-json\/wp\/v2\/pages\/112\/revisions\/303"}],"wp:attachment":[{"href":"https:\/\/www.einig-sein.de\/englisch\/wp-json\/wp\/v2\/media?parent=112"}],"curies":[{"name":"wp","href":"https:\/\/api.w.org\/{rel}","templated":true}]}}